{"id":6023,"date":"2017-04-01T17:32:58","date_gmt":"2017-04-01T15:32:58","guid":{"rendered":"http:\/\/www.shafiabaranger.com\/?page_id=6023\/"},"modified":"2017-04-01T17:40:53","modified_gmt":"2017-04-01T15:40:53","slug":"the-brand","status":"publish","type":"page","link":"https:\/\/www.shafiabaranger.com\/en\/the-brand\/","title":{"rendered":"The brand"},"content":{"rendered":"<p>[vc_row full_width=&#8221;stretch_row&#8221; equal_height=&#8221;yes&#8221; content_placement=&#8221;middle&#8221; css=&#8221;.vc_custom_1464337803007{margin-top: -2em !important;padding-top: 5vw !important;padding-bottom: 5vw !important;}&#8221;][vc_column width=&#8221;1\/2&#8243; css=&#8221;.vc_custom_1451920811151{padding-right: 7em !important;}&#8221;][vc_column_text css_animation=&#8221;left-to-right&#8221; el_class=&#8221;about-us-text&#8221; css=&#8221;.vc_custom_1478435656813{margin-bottom: 0px !important;}&#8221;]<\/p>\n<h2 style=\"text-align: left;\">YOU ARE <span style=\"color: #800080;\">SHAFIA<\/span> BARANGER<\/h2>\n<p style=\"text-align: left;\">Best everyday fashion for become different<\/p>\n<p>[\/vc_column_text][\/vc_column][vc_column width=&#8221;1\/2&#8243;][vc_custom_heading text=&#8221;CREATION HIGH RANGE READY TO WEAR&#8221; font_container=&#8221;tag:h3|font_size:24px|text_align:left|color:%231c1a19|line_height:30px&#8221; google_fonts=&#8221;font_family:Lato%3A100%2C100italic%2C300%2C300italic%2Cregular%2Citalic%2C700%2C700italic%2C900%2C900italic|font_style:900%20bold%20regular%3A900%3Anormal&#8221; css=&#8221;.vc_custom_1478364484764{margin-bottom: 0px !important;}&#8221;][vc_column_text css_animation=&#8221;right-to-left&#8221; css=&#8221;.vc_custom_1478363961543{margin-bottom: 0px !important;}&#8221;]Shafia Baranger <span id=\"result_box\" class=\"\" lang=\"en\"><span class=\"\">Is a French brand that offers a postmodern vision of women and which revolves around three concepts<\/span><\/span> :<\/p>\n<ul>\n<li>Coupe avant gardiste,<\/li>\n<li><span id=\"result_box\" class=\"short_text\" lang=\"en\"><span class=\"\">High quality and specificity of fabrics<\/span><\/span>,<\/li>\n<li><span id=\"result_box\" class=\"short_text\" lang=\"en\"><span class=\"\">Typical French know-how, where every detail counts<\/span><\/span>.<\/li>\n<\/ul>\n<p>[\/vc_column_text][\/vc_column][\/vc_row][vc_row css=&#8221;.vc_custom_1480864391880{border-top-width: 1px !important;padding-top: 2vw !important;border-top-color: #e6e6e6 !important;border-top-style: solid !important;}&#8221;][vc_column css=&#8221;.vc_custom_1464337876029{padding-top: 0px !important;}&#8221;][vc_custom_heading text=&#8221;STORY&#8221; font_container=&#8221;tag:h3|font_size:40|text_align:center|color:%231c1a19&#8243; google_fonts=&#8221;font_family:Lato%3A100%2C100italic%2C300%2C300italic%2Cregular%2Citalic%2C700%2C700italic%2C900%2C900italic|font_style:900%20bold%20regular%3A900%3Anormal&#8221;][vc_column_text css_animation=&#8221;bottom-to-top&#8221;]<\/p>\n<h3 style=\"text-align: center;\"><span id=\"result_box\" class=\"\" lang=\"en\"><strong><span title=\"La marque SHAFIA BARANGER et le respect d'un &quot;savoir-faire&quot; unique. \">The brand SHAFIA BARANGER and the respect of a unique &#8220;know-how&#8221;.<br \/>\n<\/span><\/strong><span title=\"Nos ateliers sont situ\u00e9s en France... \"><strong>Our workshops are located in France &#8230;<\/strong><\/span><\/span><\/h3>\n<p style=\"text-align: center;\"><span title=\"La marque Shafia Baranger existe depuis Julliet 2014. Depuis, nous avons eu la chance de r\u00e9aliser d\u00e9j\u00e0 4 magnifiques collections, toute inspir\u00e9e de diff\u00e9rentes sources. \">The brand Shafia Baranger exists since Julliet 2014. Since then, we have had the chance to realize already 4 magnificent collections, all inspired from different sources.<\/span><\/p>\n<p style=\"text-align: center;\"><span title=\"Nous avons \u00e9galement pr\u00e9sent\u00e9s nos collections dans diff\u00e9rents salons et show room de mode pendant les fashions weeks et rencontr\u00e9s un certain succ\u00e8s aupr\u00e8s de la presse. \"><strong>We also presented our collections in different fashion shows and showrooms during the fashions weeks and met with some success with the press.<\/strong><\/span><\/p>\n<p style=\"text-align: center;\"><span title=\"Fra\u00eechement sortie de ses \u00e9tudes de stylisme, Shafia s\u2019est lanc\u00e9e dans l\u2019aventure de la cr\u00e9ation de v\u00eatements pour femmes.\">Fresh out of her styling studies, Shafia has embarked on the adventure of creating women&#8217;s clothing. <\/span><span title=\"Depuis toute petite, elle a toujours r\u00eav\u00e9 de cela.\">Since she was a little girl, she always dreamed of it. <\/span><span title=\"Shafia \u00e0 \u00e9t\u00e9 \u00e9lev\u00e9e entre deux cultures gr\u00e2ce \u00e0 ses parents.\">Shafia was raised between two cultures thanks to her parents. <\/span><span title=\"Originaire de la Birmanie, elle est arriv\u00e9e en France \u00e0 l\u2019\u00e2ge de 6 ans, apr\u00e8s un passage par le Bangladesh. \">Originally from Burma, she arrived in France at the age of 6, after passing through Bangladesh.<\/span><\/p>\n<p style=\"text-align: center;\"><strong><span title=\"Shafia n\u2019a pas voulu perdre du temps pour cr\u00e9er sa propre marque.\">Shafia did not want to waste time creating her own brand. <\/span><\/strong><span title=\"En effet, \u00ab g\u00e9n\u00e9ralement, les jeunes r\u00eavent de cr\u00e9er leur structure mais ils commencent par \u00eatre salari\u00e9s, puis finalement, ils franchissent rarement le pas, car un confort de vie s\u2019installe et il est plus compliqu\u00e9 de se lancer\u2026 \u00bb \"><strong>&#8220;Generally, young people dream of creating their structure, but they begin by being employees, and then they rarely take the plunge, because a comfortable life is established and it is more complicated to get started &#8230;&#8221;<\/strong><\/span><\/p>\n<p style=\"text-align: center;\"><span title=\"Ce qui l\u2019int\u00e9resse le plus dans son m\u00e9tier c\u2019est le renouvellement \u00e0 chaque collection elle dit : \u00ab cela sera toujours diff\u00e9rent on ne s\u2019en lasse jamais et on en apprend toujours\u2026 \u00bb \">What interests him the most in his trade is the renewal with each collection it says: &#8220;it will always be different one never gets tired and one learns always &#8230;&#8221;<\/span><\/p>\n<p style=\"text-align: center;\"><span title=\"Nous esp\u00e9rons que ses cr\u00e9ations vous plaisent, et que sa marque aura une longue vie gr\u00e2ce \u00e0 vous. \">We hope that his creations appeal to you, and that his brand will have a long life.<\/span><\/p>\n<p style=\"text-align: center;\"><span id=\"result_box\" class=\"\" lang=\"en\"><span title=\"Nous esp\u00e9rons que ses cr\u00e9ations vous plaisent, et que sa marque aura une longue vie gr\u00e2ce \u00e0 vous. \">Thanks to you.<br \/>\n<\/span><\/span><\/p>\n<p>[\/vc_column_text][\/vc_column][\/vc_row]<\/p>\n","protected":false},"excerpt":{"rendered":"<p>[vc_row full_width=&#8221;stretch_row&#8221; equal_height=&#8221;yes&#8221; content_placement=&#8221;middle&#8221; css=&#8221;.vc_custom_1464337803007{margin-top: -2em !important;padding-top: 5vw !important;padding-bottom: 5vw !important;}&#8221;][vc_column width=&#8221;1\/2&#8243; css=&#8221;.vc_custom_1451920811151{padding-right: 7em !important;}&#8221;][vc_column_text css_animation=&#8221;left-to-right&#8221; el_class=&#8221;about-us-text&#8221; css=&#8221;.vc_custom_1478435656813{margin-bottom: 0px !important;}&#8221;] YOU ARE SHAFIA BARANGER Best&#8230;<\/p>\n","protected":false},"author":1,"featured_media":0,"parent":0,"menu_order":0,"comment_status":"closed","ping_status":"closed","template":"","meta":[],"yoast_head":"<!-- This site is optimized with the Yoast SEO plugin v15.6.2 - https:\/\/yoast.com\/wordpress\/plugins\/seo\/ -->\n<title>The brand | Shafia Baranger<\/title>\n<meta name=\"robots\" content=\"index, follow, max-snippet:-1, max-image-preview:large, max-video-preview:-1\" \/>\n<link rel=\"canonical\" href=\"https:\/\/www.shafiabaranger.com\/en\/the-brand\/\" \/>\n<meta property=\"og:locale\" content=\"en_US\" \/>\n<meta property=\"og:type\" content=\"article\" \/>\n<meta property=\"og:title\" content=\"The brand | Shafia Baranger\" \/>\n<meta property=\"og:description\" content=\"[vc_row full_width=&#8221;stretch_row&#8221; equal_height=&#8221;yes&#8221; content_placement=&#8221;middle&#8221; css=&#8221;.vc_custom_1464337803007{margin-top: -2em !important;padding-top: 5vw !important;padding-bottom: 5vw !important;}&#8221;][vc_column width=&#8221;1\/2&#8243; css=&#8221;.vc_custom_1451920811151{padding-right: 7em !important;}&#8221;][vc_column_text css_animation=&#8221;left-to-right&#8221; el_class=&#8221;about-us-text&#8221; css=&#8221;.vc_custom_1478435656813{margin-bottom: 0px !important;}&#8221;] YOU ARE SHAFIA BARANGER Best...\" \/>\n<meta property=\"og:url\" content=\"https:\/\/www.shafiabaranger.com\/en\/the-brand\/\" \/>\n<meta property=\"og:site_name\" content=\"Shafia Baranger\" \/>\n<meta property=\"article:publisher\" content=\"https:\/\/www.facebook.com\/shafiabaranger\/\" \/>\n<meta property=\"article:modified_time\" content=\"2017-04-01T15:40:53+00:00\" \/>\n<meta name=\"twitter:card\" content=\"summary\" \/>\n<meta name=\"twitter:site\" content=\"@shafiabaranger\" \/>\n<meta name=\"twitter:label1\" content=\"Est. reading time\">\n\t<meta name=\"twitter:data1\" content=\"2 minutes\">\n<script type=\"application\/ld+json\" class=\"yoast-schema-graph\">{\"@context\":\"https:\/\/schema.org\",\"@graph\":[{\"@type\":\"WebSite\",\"@id\":\"https:\/\/www.shafiabaranger.com\/#website\",\"url\":\"https:\/\/www.shafiabaranger.com\/\",\"name\":\"Shafia Baranger\",\"description\":\"Boutique en ligne de pr\\u00eat \\u00e0 porter par Shafia Baranger\",\"potentialAction\":[{\"@type\":\"SearchAction\",\"target\":\"https:\/\/www.shafiabaranger.com\/?s={search_term_string}\",\"query-input\":\"required name=search_term_string\"}],\"inLanguage\":\"en-US\"},{\"@type\":\"WebPage\",\"@id\":\"https:\/\/www.shafiabaranger.com\/en\/the-brand\/#webpage\",\"url\":\"https:\/\/www.shafiabaranger.com\/en\/the-brand\/\",\"name\":\"The brand | Shafia Baranger\",\"isPartOf\":{\"@id\":\"https:\/\/www.shafiabaranger.com\/#website\"},\"datePublished\":\"2017-04-01T15:32:58+00:00\",\"dateModified\":\"2017-04-01T15:40:53+00:00\",\"inLanguage\":\"en-US\",\"potentialAction\":[{\"@type\":\"ReadAction\",\"target\":[\"https:\/\/www.shafiabaranger.com\/en\/the-brand\/\"]}]}]}<\/script>\n<!-- \/ Yoast SEO plugin. -->","_links":{"self":[{"href":"https:\/\/www.shafiabaranger.com\/en\/wp-json\/wp\/v2\/pages\/6023"}],"collection":[{"href":"https:\/\/www.shafiabaranger.com\/en\/wp-json\/wp\/v2\/pages"}],"about":[{"href":"https:\/\/www.shafiabaranger.com\/en\/wp-json\/wp\/v2\/types\/page"}],"author":[{"embeddable":true,"href":"https:\/\/www.shafiabaranger.com\/en\/wp-json\/wp\/v2\/users\/1"}],"replies":[{"embeddable":true,"href":"https:\/\/www.shafiabaranger.com\/en\/wp-json\/wp\/v2\/comments?post=6023"}],"version-history":[{"count":6,"href":"https:\/\/www.shafiabaranger.com\/en\/wp-json\/wp\/v2\/pages\/6023\/revisions"}],"predecessor-version":[{"id":6026,"href":"https:\/\/www.shafiabaranger.com\/en\/wp-json\/wp\/v2\/pages\/6023\/revisions\/6026"}],"wp:attachment":[{"href":"https:\/\/www.shafiabaranger.com\/en\/wp-json\/wp\/v2\/media?parent=6023"}],"curies":[{"name":"wp","href":"https:\/\/api.w.org\/{rel}","templated":true}]}}